{"id":9592,"date":"2025-02-12T06:59:28","date_gmt":"2025-02-12T06:59:28","guid":{"rendered":"https:\/\/demo.casethemes.net\/mouno\/?page_id=9592"},"modified":"2026-04-30T17:03:24","modified_gmt":"2026-04-30T22:03:24","slug":"contact-us","status":"publish","type":"page","link":"https:\/\/www.celuweb.com\/?page_id=9592","title":{"rendered":"Cont\u00e1ctanos"},"content":{"rendered":"\t\t<div data-elementor-type=\"wp-page\" data-elementor-id=\"9592\" class=\"elementor elementor-9592\">\n\t\t\t\t<div class=\"elementor-element elementor-element-6389ca3 e-flex e-con-boxed e-con e-parent \" data-id=\"6389ca3\" data-element_type=\"container\" data-e-type=\"container\" data-settings=\"{&quot;background_background&quot;:&quot;classic&quot;}\">\t\t\t<div class=\"e-con-inner\">\r\n\t\t<div class=\"elementor-element elementor-element-cfd8c95 e-con-full e-flex e-con e-child \" data-id=\"cfd8c95\" data-element_type=\"container\" data-e-type=\"container\">\t\t<div class=\"elementor-element elementor-element-075f6ac elementor-widget elementor-widget-pxl_heading\" data-id=\"075f6ac\" data-element_type=\"widget\" data-e-type=\"widget\" data-widget_type=\"pxl_heading.default\">\n\t\t\t\t<div class=\"elementor-widget-container\">\n\t\t\t\t\t<div class=\"pxl-heading-wrapper\">\n\t\n\t\t\t\t\t<h2 class=\"pxl-heading-title heading-title-default   \"\n\t\t\t\t\t>\n\t\t\t<span class=\"pxl-title-text \" >\n\t\t\t\t<span style=\"font-size:60px; color: #F9cf00;\">&#8594;<\/span> <br>\n<span class=\"contact\">CONT\u00c1CTANOS<\/span>\t\t\t<\/span>\n\t\t<\/h2>\n\t<\/div>\n\t\t\t\t<\/div>\n\t\t\t\t<\/div>\n\t\t\t\t<\/div>\r\n\t\t<div class=\"elementor-element elementor-element-f8ddeb2 e-con-full e-flex e-con e-child \" data-id=\"f8ddeb2\" data-element_type=\"container\" data-e-type=\"container\" data-settings=\"{&quot;background_background&quot;:&quot;classic&quot;}\">\t\t<div class=\"elementor-element elementor-element-c508092 elementor-widget elementor-widget-pxl_text_editor\" data-id=\"c508092\" data-element_type=\"widget\" data-e-type=\"widget\" data-widget_type=\"pxl_text_editor.default\">\n\t\t\t\t<div class=\"elementor-widget-container\">\n\t\t\t\t\t<div id=\"pxl_text_editor-c508092-3592\" class=\"pxl-text-editor-wrapper  link-default link-hover-default   \"\t>\n\t<h4 style=\"text-align: justify; font-family: montserrat;\">\u00bfBuscas optimizar la gesti\u00f3n de tu empresa con tecnolog\u00eda?<\/h4><p>D\u00e9janos tus datos y uno de nuestros especialistas te contactar\u00e1 para brindarte m\u00e1s informaci\u00f3n sobre nuestras soluciones.<\/p>\t\t\n<\/div>\t\t\t\t<\/div>\n\t\t\t\t<\/div>\n\t\t\t\t<div class=\"elementor-element elementor-element-e3f966f elementor-widget elementor-widget-pxl_contact_form\" data-id=\"e3f966f\" data-element_type=\"widget\" data-e-type=\"widget\" data-widget_type=\"pxl_contact_form.default\">\n\t\t\t\t<div class=\"elementor-widget-container\">\n\t\t\t\t\t            \n<div class=\"wpcf7 no-js\" id=\"wpcf7-f8774-o1\" lang=\"en-US\" dir=\"ltr\" data-wpcf7-id=\"8774\">\n<div class=\"screen-reader-response\"><p role=\"status\" aria-live=\"polite\" aria-atomic=\"true\"><\/p> <ul><\/ul><\/div>\n<form action=\"\/index.php?rest_route=%2Fwp%2Fv2%2Fpages%2F9592#wpcf7-f8774-o1\" method=\"post\" class=\"wpcf7-form init form-0212 pxl-wpcf7-8774 form-style5\" aria-label=\"Contact form\" novalidate=\"novalidate\" data-status=\"init\">\n<fieldset class=\"hidden-fields-container\"><input type=\"hidden\" name=\"_wpcf7\" value=\"8774\" \/><input type=\"hidden\" name=\"_wpcf7_version\" value=\"6.1.5\" \/><input type=\"hidden\" name=\"_wpcf7_locale\" value=\"en_US\" \/><input type=\"hidden\" name=\"_wpcf7_unit_tag\" value=\"wpcf7-f8774-o1\" \/><input type=\"hidden\" name=\"_wpcf7_container_post\" value=\"0\" \/><input type=\"hidden\" name=\"_wpcf7_posted_data_hash\" value=\"\" \/>\n<\/fieldset>\n<p><input class=\"wpcf7-form-control wpcf7-submit has-spinner cf7-hidden-submit\" type=\"submit\" value=\"Enviar\" \/><br \/>\n<span class=\"wpcf7-form-control-wrap\" data-name=\"your-name\"><input size=\"40\" maxlength=\"400\" class=\"wpcf7-form-control wpcf7-text wpcf7-validates-as-required\" aria-required=\"true\" aria-invalid=\"false\" placeholder=\"Nombre\" value=\"\" type=\"text\" name=\"your-name\" \/><\/span><br \/>\n<span class=\"wpcf7-form-control-wrap\" data-name=\"your-email\"><input size=\"40\" maxlength=\"400\" class=\"wpcf7-form-control wpcf7-email wpcf7-validates-as-required wpcf7-text wpcf7-validates-as-email\" aria-required=\"true\" aria-invalid=\"false\" placeholder=\"Email\" value=\"\" type=\"email\" name=\"your-email\" \/><\/span><br \/>\n<span class=\"wpcf7-form-control-wrap\" data-name=\"your-subject\"><input size=\"40\" maxlength=\"400\" class=\"wpcf7-form-control wpcf7-text\" aria-invalid=\"false\" placeholder=\"Empresa\" value=\"\" type=\"text\" name=\"your-subject\" \/><\/span><br \/>\n<span class=\"wpcf7-form-control-wrap\" data-name=\"your-message\"><textarea cols=\"40\" rows=\"10\" maxlength=\"2000\" class=\"wpcf7-form-control wpcf7-textarea wpcf7-validates-as-required\" aria-required=\"true\" aria-invalid=\"false\" placeholder=\"Mensaje\" name=\"your-message\"><\/textarea><\/span>\n<\/p><div class=\"wpcf7-response-output\" aria-hidden=\"true\"><\/div>\n<\/form>\n<\/div>\n    \t\t\t\t<\/div>\n\t\t\t\t<\/div>\n\t\t\t\t<div class=\"elementor-element elementor-element-c63521b elementor-widget elementor-widget-pxl_button\" data-id=\"c63521b\" data-element_type=\"widget\" data-e-type=\"widget\" data-widget_type=\"pxl_button.default\">\n\t\t\t\t<div class=\"elementor-widget-container\">\n\t\t\t\t\t<div class=\"pxl-button-wrapper \">\r\n    <a class=\"btn pxl-atc-submit pxl-btn-split pxl-btn-link1  \" data-submit=\"form-0212\">\r\n                    <span class=\"pxl-btn-icon icon-duplicated\">\r\n                                    <svg xmlns=\"http:\/\/www.w3.org\/2000\/svg\" width=\"38\" height=\"38\" viewBox=\"0 0 38 38\" fill=\"none\">\r\n                        <path d=\"M26.6745 23.8894L26.5892 12.0397C26.5892 11.5282 26.1914 11.1304 25.6799 11.1304L13.8302 11.0451C13.3187 11.0451 12.9208 11.443 12.9208 11.9545C12.9208 12.466 13.3187 12.8638 13.8302 12.8638L23.4634 12.9491L11.3864 25.0261C11.0454 25.3671 11.0454 25.9354 11.3864 26.2764C11.7274 26.6174 12.3241 26.6458 12.6651 26.3048L24.799 14.171L24.8842 23.9178C24.8842 24.1452 24.9979 24.3725 25.1684 24.543C25.3389 24.7135 25.5662 24.8272 25.822 24.7988C26.2766 24.7988 26.7029 24.3725 26.6745 23.8894Z\" fill=\"currentcolor\"\/>\r\n                    <\/svg>\r\n                            <\/span>\r\n                            <span class=\"pxl-btn-text \" data-text=\"Enviar\">\r\n                Enviar            <\/span>\r\n                            <span class=\"pxl-btn-icon icon-main \">\r\n                <svg xmlns=\"http:\/\/www.w3.org\/2000\/svg\" width=\"38\" height=\"38\" viewBox=\"0 0 38 38\" fill=\"none\">\r\n                    <path d=\"M26.6745 23.8894L26.5892 12.0397C26.5892 11.5282 26.1914 11.1304 25.6799 11.1304L13.8302 11.0451C13.3187 11.0451 12.9208 11.443 12.9208 11.9545C12.9208 12.466 13.3187 12.8638 13.8302 12.8638L23.4634 12.9491L11.3864 25.0261C11.0454 25.3671 11.0454 25.9354 11.3864 26.2764C11.7274 26.6174 12.3241 26.6458 12.6651 26.3048L24.799 14.171L24.8842 23.9178C24.8842 24.1452 24.9979 24.3725 25.1684 24.543C25.3389 24.7135 25.5662 24.8272 25.822 24.7988C26.2766 24.7988 26.7029 24.3725 26.6745 23.8894Z\" fill=\"currentcolor\"\/>\r\n                <\/svg>\r\n            <\/span>\r\n            <\/a>\r\n<\/div>\r\n\r\n\r\n\r\n\t\t\t\t<\/div>\n\t\t\t\t<\/div>\n\t\t\t\t<\/div>\r\n\t\t\t\t\t<\/div>\r\n\t\t\t\t<\/div>\r\n\t\t<div class=\"elementor-element elementor-element-1259076 e-con-full e-flex e-con e-parent \" data-id=\"1259076\" data-element_type=\"container\" data-e-type=\"container\">\t\t<div class=\"elementor-element elementor-element-3ab71d5 elementor-widget elementor-widget-google_maps\" data-id=\"3ab71d5\" data-element_type=\"widget\" data-e-type=\"widget\" data-widget_type=\"google_maps.default\">\n\t\t\t\t\t\t\t<div class=\"elementor-custom-embed\">\n\t\t\t<iframe loading=\"lazy\"\n\t\t\t\t\tsrc=\"https:\/\/maps.google.com\/maps?q=Armenia%20Quindio&#038;t=m&#038;z=13&#038;output=embed&#038;iwloc=near\"\n\t\t\t\t\ttitle=\"Armenia Quindio\"\n\t\t\t\t\taria-label=\"Armenia Quindio\"\n\t\t\t><\/iframe>\n\t\t<\/div>\n\t\t\t\t\t\t<\/div>\n\t\t\t\t<\/div>\r\n\t\t\t\t<\/div>\n\t\t","protected":false},"excerpt":{"rendered":"<p>&#8594; CONT\u00c3\u0192\u00c2\u0081CTANOS \u00c3\u201a\u00c2\u00bfBuscas optimizar la gesti\u00c3\u0192\u00c2\u00b3n de tu empresa con tecnolog\u00c3\u0192\u00c2\u00ada? D\u00c3\u0192\u00c2\u00a9janos tus datos y uno de nuestros especialistas te contactar\u00c3\u0192\u00c2\u00a1 para brindarte m\u00c3\u0192\u00c2\u00a1s informaci\u00c3\u0192\u00c2\u00b3n sobre nuestras soluciones. Enviar<\/p>\n","protected":false},"author":1,"featured_media":0,"parent":0,"menu_order":0,"comment_status":"closed","ping_status":"closed","template":"","meta":{"footnotes":""},"class_list":["post-9592","page","type-page","status-publish","hentry"],"_links":{"self":[{"href":"https:\/\/www.celuweb.com\/index.php?rest_route=\/wp\/v2\/pages\/9592","targetHints":{"allow":["GET"]}}],"collection":[{"href":"https:\/\/www.celuweb.com\/index.php?rest_route=\/wp\/v2\/pages"}],"about":[{"href":"https:\/\/www.celuweb.com\/index.php?rest_route=\/wp\/v2\/types\/page"}],"author":[{"embeddable":true,"href":"https:\/\/www.celuweb.com\/index.php?rest_route=\/wp\/v2\/users\/1"}],"replies":[{"embeddable":true,"href":"https:\/\/www.celuweb.com\/index.php?rest_route=%2Fwp%2Fv2%2Fcomments&post=9592"}],"version-history":[{"count":41,"href":"https:\/\/www.celuweb.com\/index.php?rest_route=\/wp\/v2\/pages\/9592\/revisions"}],"predecessor-version":[{"id":18206,"href":"https:\/\/www.celuweb.com\/index.php?rest_route=\/wp\/v2\/pages\/9592\/revisions\/18206"}],"wp:attachment":[{"href":"https:\/\/www.celuweb.com\/index.php?rest_route=%2Fwp%2Fv2%2Fmedia&parent=9592"}],"curies":[{"name":"wp","href":"https:\/\/api.w.org\/{rel}","templated":true}]}}